{"id":137,"date":"2018-01-20T22:20:42","date_gmt":"2018-01-20T22:20:42","guid":{"rendered":"http:\/\/wordpress.gwandhaus-ismaning.de\/?page_id=137"},"modified":"2022-12-31T08:32:33","modified_gmt":"2022-12-31T08:32:33","slug":"impressum","status":"publish","type":"page","link":"https:\/\/wordpress.gwandhaus-ismaning.de\/?page_id=137","title":{"rendered":"Impressum"},"content":{"rendered":"<div id=\"pl-137\"  class=\"panel-layout\" ><div id=\"pg-137-0\"  class=\"panel-grid panel-no-style\" ><div id=\"pgc-137-0-0\"  class=\"panel-grid-cell\" ><div id=\"panel-137-0-0-0\" class=\"so-panel widget widget_sow-editor panel-first-child panel-last-child\" data-index=\"0\" ><div\n\t\t\t\n\t\t\tclass=\"so-widget-sow-editor so-widget-sow-editor-base\"\n\t\t\t\n\t\t>\n<div class=\"siteorigin-widget-tinymce textwidget\">\n\t<h6><strong>F\u00fcr den Inhalt verantwortlich<br \/>\n<\/strong>Gwandhaus Ismaning<br \/>\nAschheimer Strasse 2<br \/>\n85737 Ismaning<\/h6>\n<h6><span style=\"color: #000000;\">1. Vorstand: Inge Brandmeier<br \/>\n2. Vorstand: Rosi Bayer<br \/>\n<\/span> ingebrandmeier@aol.com<br \/>\nrosibayer@aol.com<\/h6>\n<h6><span style=\"color: #000000;\">Steuernummer: 143\/216\/50636<br \/>\n<\/span><\/h6>\n<h6><strong>Gestaltung der Seite:<\/strong><br \/>\nwebmaster@gwandhaus-ismaning.de<\/h6>\n<h6><strong>Haftungsausschluss<br \/>\n<\/strong>Hinweise zu Links<br \/>\nUnser Angebot umfasst Verweise (Links) zu anderen Angeboten im Internet. Die auf den gelinkten Seiten wiedergegebenen Tatsachenbehauptungen und Meinungs\u00e4u\u00dferungen liegen in der alleinigen Verantwortung der jeweiligen Autoren und geben nicht zwingend unsere Meinung wieder. Durch das Urteil vom 12. Mai 1998 \"Haftung f\u00fcr Links\" (312 O 85\/98) hat das Landesgericht Hamburg eindeutig entschieden, dass man durch die Anbringung eines Links die Inhalte der gelinkten Seite ggf. mit zu verantworten hat, also haftbar gemacht werden kann. Dies kann nur dadurch verhindert werden, indem man sich ausdr\u00fccklich von diesen Inhalten distanziert. Der Domaineigner bzw. -administrator und das \"Gwandhaus Ismaning\" distanzieren sich hiermit ausdr\u00fccklich von allen Inhalten s\u00e4mtlicher gelinkter Seiten auf www.gwandhaus-ismaning.de einschlie\u00dflich aller Subdomains und verweisen darauf, dass sie weder Einfluss auf Gestaltung und Inhalte der gelinkten Seiten haben, noch sich diese Inhalte zu eigen machen. Hinweis zu den Bildern<\/h6>\n<h6>Die Bilder auf unseren Seiten wahren jegliches Urheberrecht!<br \/>\nEs sind ausschlie\u00dflich Bilder, die Privatpersonen zur Verf\u00fcgung gestellt haben oder von pixelio.de mit Ver\u00f6ffentlichungsrechten oder von allgemeinem \u00f6ffentlichen Interesse sind.<\/h6>\n<\/div>\n<\/div><\/div><\/div><\/div><\/div>","protected":false},"excerpt":{"rendered":"<p>F\u00fcr den Inhalt verantwortlich Gwandhaus Ismaning Aschheimer Strasse 2 85737 Ismaning 1. Vorstand: Inge Brandmeier 2. Vorstand: Rosi Bayer ingebrandmeier@aol.com rosibayer@aol.com Steuernummer: 143\/216\/50636 Gestaltung der Seite: webmaster@gwandhaus-ismaning.de Haftungsausschluss Hinweise zu Links Unser Angebot umfasst Verweise (Links) zu anderen Angeboten im Internet. Die auf den gelinkten Seiten wiedergegebenen Tatsachenbehauptungen und Meinungs\u00e4u\u00dferungen liegen in der alleinigen Verantwortung&#8230;<\/p>\n","protected":false},"author":1,"featured_media":0,"parent":0,"menu_order":0,"comment_status":"closed","ping_status":"closed","template":"","meta":{"footnotes":""},"_links":{"self":[{"href":"https:\/\/wordpress.gwandhaus-ismaning.de\/index.php?rest_route=\/wp\/v2\/pages\/137"}],"collection":[{"href":"https:\/\/wordpress.gwandhaus-ismaning.de\/index.php?rest_route=\/wp\/v2\/pages"}],"about":[{"href":"https:\/\/wordpress.gwandhaus-ismaning.de\/index.php?rest_route=\/wp\/v2\/types\/page"}],"author":[{"embeddable":true,"href":"https:\/\/wordpress.gwandhaus-ismaning.de\/index.php?rest_route=\/wp\/v2\/users\/1"}],"replies":[{"embeddable":true,"href":"https:\/\/wordpress.gwandhaus-ismaning.de\/index.php?rest_route=%2Fwp%2Fv2%2Fcomments&post=137"}],"version-history":[{"count":18,"href":"https:\/\/wordpress.gwandhaus-ismaning.de\/index.php?rest_route=\/wp\/v2\/pages\/137\/revisions"}],"predecessor-version":[{"id":613,"href":"https:\/\/wordpress.gwandhaus-ismaning.de\/index.php?rest_route=\/wp\/v2\/pages\/137\/revisions\/613"}],"wp:attachment":[{"href":"https:\/\/wordpress.gwandhaus-ismaning.de\/index.php?rest_route=%2Fwp%2Fv2%2Fmedia&parent=137"}],"curies":[{"name":"wp","href":"https:\/\/api.w.org\/{rel}","templated":true}]}}