{"id":16,"date":"2018-01-20T13:58:36","date_gmt":"2018-01-20T13:58:36","guid":{"rendered":"http:\/\/wordpress.gwandhaus-ismaning.de\/?page_id=16"},"modified":"2018-12-21T09:27:27","modified_gmt":"2018-12-21T09:27:27","slug":"die-idee","status":"publish","type":"page","link":"https:\/\/wordpress.gwandhaus-ismaning.de\/?page_id=16","title":{"rendered":"Die Idee"},"content":{"rendered":"<p>Das Gwandhaus nimmt gut erhaltene und saubere Damen- und Herrenbekleidung in allen Gr\u00f6\u00dfen, auch Trachtenmode, Sportbekleidung, Abendgarderobe, Accessoires wie\u00a0 Krawatten, G\u00fcrtel, T\u00fccher und Schals,\u00a0 Handtaschen sowie Schuhe und Modeschmuck als Spenden an. Zus\u00e4tzlich finden sich in unserem Sortiment Tischdecken, Bettw\u00e4sche, Wolle und einiges mehr. Wir geben diese \u201eSch\u00e4tze\u201c zu sehr g\u00fcnstigen Preisen ab.<br \/>\nEin wichtiger Aspekt ist das Thema \u201eUmweltschutz\u201c: Bei uns findet gebrauchte und gut erhaltene Kleidung, die f\u00fcr die Kleidersammlung und den Rei\u00dfwolf zu schade ist, einen neuen Besitzer. Bekleidung, die im Gwandhaus nach einer angemessenen Zeit keinen Abnehmer findet, erh\u00e4lt die Diakonie zur weiteren Verwendung. So schonen wir Ressourcen.<br \/>\nUnsere gesamten Einnahmen spenden wir f\u00fcr soziale und gemeinn\u00fctzige Zwecke.\u00a0 Alle Mitarbeiterinnen sind ausschlie\u00dflich ehrenamtlich t\u00e4tig. Es gibt keine\u00a0 Aufwandsentsch\u00e4digungen, keine Verwaltungskosten und keine Mieten &#8211; die Gemeinde stellt uns die R\u00e4ume kostenlos zur Verf\u00fcgung und \u00fcbernimmt die Strom- und Nebenkosten.<\/p>\n<p>Jeder eingenommene Euro ist somit ein Spendeneuro!<\/p>\n","protected":false},"excerpt":{"rendered":"<p>Das Gwandhaus nimmt gut erhaltene und saubere Damen- und Herrenbekleidung in allen Gr\u00f6\u00dfen, auch Trachtenmode, Sportbekleidung, Abendgarderobe, Accessoires wie\u00a0 Krawatten, G\u00fcrtel, T\u00fccher und Schals,\u00a0 Handtaschen sowie Schuhe und Modeschmuck als Spenden an. Zus\u00e4tzlich finden sich in unserem Sortiment Tischdecken, Bettw\u00e4sche, Wolle und einiges mehr. Wir geben diese \u201eSch\u00e4tze\u201c zu sehr g\u00fcnstigen Preisen ab. Ein wichtiger&#8230;<\/p>\n","protected":false},"author":1,"featured_media":0,"parent":0,"menu_order":0,"comment_status":"closed","ping_status":"closed","template":"","meta":{"footnotes":""},"_links":{"self":[{"href":"https:\/\/wordpress.gwandhaus-ismaning.de\/index.php?rest_route=\/wp\/v2\/pages\/16"}],"collection":[{"href":"https:\/\/wordpress.gwandhaus-ismaning.de\/index.php?rest_route=\/wp\/v2\/pages"}],"about":[{"href":"https:\/\/wordpress.gwandhaus-ismaning.de\/index.php?rest_route=\/wp\/v2\/types\/page"}],"author":[{"embeddable":true,"href":"https:\/\/wordpress.gwandhaus-ismaning.de\/index.php?rest_route=\/wp\/v2\/users\/1"}],"replies":[{"embeddable":true,"href":"https:\/\/wordpress.gwandhaus-ismaning.de\/index.php?rest_route=%2Fwp%2Fv2%2Fcomments&post=16"}],"version-history":[{"count":3,"href":"https:\/\/wordpress.gwandhaus-ismaning.de\/index.php?rest_route=\/wp\/v2\/pages\/16\/revisions"}],"predecessor-version":[{"id":76,"href":"https:\/\/wordpress.gwandhaus-ismaning.de\/index.php?rest_route=\/wp\/v2\/pages\/16\/revisions\/76"}],"wp:attachment":[{"href":"https:\/\/wordpress.gwandhaus-ismaning.de\/index.php?rest_route=%2Fwp%2Fv2%2Fmedia&parent=16"}],"curies":[{"name":"wp","href":"https:\/\/api.w.org\/{rel}","templated":true}]}}