{"id":2,"date":"2016-05-10T03:48:21","date_gmt":"2016-05-10T03:48:21","guid":{"rendered":"http:\/\/wordpress.gwandhaus-ismaning.de\/?page_id=2"},"modified":"2025-10-22T18:04:21","modified_gmt":"2025-10-22T18:04:21","slug":"sample-page","status":"publish","type":"page","link":"https:\/\/wordpress.gwandhaus-ismaning.de\/","title":{"rendered":"Willkommen"},"content":{"rendered":"<div id=\"pl-2\"  class=\"panel-layout\" ><div id=\"pg-2-0\"  class=\"panel-grid panel-no-style\" ><div id=\"pgc-2-0-0\"  class=\"panel-grid-cell\" ><div id=\"panel-2-0-0-0\" class=\"so-panel widget widget_sow-image panel-first-child panel-last-child\" data-index=\"0\" ><div\n\t\t\t\n\t\t\tclass=\"so-widget-sow-image so-widget-sow-image-default-8b5b6f678277-2\"\n\t\t\t\n\t\t>\n<div class=\"sow-image-container\">\n\t\t<img \n\tsrc=\"https:\/\/wordpress.gwandhaus-ismaning.de\/wp-content\/uploads\/2025\/10\/Eingang.jpg\" width=\"1836\" height=\"1377\" srcset=\"https:\/\/wordpress.gwandhaus-ismaning.de\/wp-content\/uploads\/2025\/10\/Eingang.jpg 1836w, https:\/\/wordpress.gwandhaus-ismaning.de\/wp-content\/uploads\/2025\/10\/Eingang-300x225.jpg 300w, https:\/\/wordpress.gwandhaus-ismaning.de\/wp-content\/uploads\/2025\/10\/Eingang-700x525.jpg 700w, https:\/\/wordpress.gwandhaus-ismaning.de\/wp-content\/uploads\/2025\/10\/Eingang-768x576.jpg 768w, https:\/\/wordpress.gwandhaus-ismaning.de\/wp-content\/uploads\/2025\/10\/Eingang-1536x1152.jpg 1536w, https:\/\/wordpress.gwandhaus-ismaning.de\/wp-content\/uploads\/2025\/10\/Eingang-800x600.jpg 800w, https:\/\/wordpress.gwandhaus-ismaning.de\/wp-content\/uploads\/2025\/10\/Eingang-80x60.jpg 80w\" sizes=\"(max-width: 1836px) 100vw, 1836px\" alt=\"\" \t\tclass=\"so-widget-image\"\/>\n\t<\/div>\n\n<\/div><\/div><\/div><div id=\"pgc-2-0-1\"  class=\"panel-grid-cell\" ><div id=\"panel-2-0-1-0\" class=\"so-panel widget widget_sow-editor panel-first-child panel-last-child\" data-index=\"1\" ><div\n\t\t\t\n\t\t\tclass=\"so-widget-sow-editor so-widget-sow-editor-base\"\n\t\t\t\n\t\t><h3 class=\"widget-title\">HERZLICH WILLKOMMEN<\/h3>\n<div class=\"siteorigin-widget-tinymce textwidget\">\n\t<p>Wir freuen uns, Sie auf unserer Webseite begr\u00fc\u00dfen zu d\u00fcrfen.<br \/>\nDas Gwandhaus Ismaning gibt es seit dem Jahr 2002. Wir sind ein gemeinnn\u00fctziger, sozial t\u00e4tiger Verein und bieten Secondhandmode f\u00fcr Damen und Herren in bester Qualit\u00e4t und zu unschlagbaren Preisen.<\/p>\n<\/div>\n<\/div><\/div><\/div><\/div><div id=\"pg-2-1\"  class=\"panel-grid panel-no-style\" ><div id=\"pgc-2-1-0\"  class=\"panel-grid-cell\" ><div id=\"panel-2-1-0-0\" class=\"so-panel widget widget_sow-editor panel-first-child panel-last-child\" data-index=\"2\" ><div\n\t\t\t\n\t\t\tclass=\"so-widget-sow-editor so-widget-sow-editor-base\"\n\t\t\t\n\t\t>\n<div class=\"siteorigin-widget-tinymce textwidget\">\n\t<h6 style=\"text-align: center;\">Gwandhaus Ismaning im Hillebrandhof\/UG, Aschheimer Stra\u00dfe 2, 85737 Ismaning<\/h6>\n<\/div>\n<\/div><\/div><\/div><\/div><\/div>","protected":false},"excerpt":{"rendered":"<p>Wir freuen uns, Sie auf unserer Webseite begr\u00fc\u00dfen zu d\u00fcrfen. Das Gwandhaus Ismaning gibt es seit dem Jahr 2002. Wir sind ein gemeinnn\u00fctziger, sozial t\u00e4tiger Verein und bieten Secondhandmode f\u00fcr Damen und Herren in bester Qualit\u00e4t und zu unschlagbaren Preisen. Gwandhaus Ismaning im Hillebrandhof\/UG, Aschheimer Stra\u00dfe 2, 85737 Ismaning<\/p>\n","protected":false},"author":1,"featured_media":0,"parent":0,"menu_order":0,"comment_status":"closed","ping_status":"open","template":"","meta":{"footnotes":""},"_links":{"self":[{"href":"https:\/\/wordpress.gwandhaus-ismaning.de\/index.php?rest_route=\/wp\/v2\/pages\/2"}],"collection":[{"href":"https:\/\/wordpress.gwandhaus-ismaning.de\/index.php?rest_route=\/wp\/v2\/pages"}],"about":[{"href":"https:\/\/wordpress.gwandhaus-ismaning.de\/index.php?rest_route=\/wp\/v2\/types\/page"}],"author":[{"embeddable":true,"href":"https:\/\/wordpress.gwandhaus-ismaning.de\/index.php?rest_route=\/wp\/v2\/users\/1"}],"replies":[{"embeddable":true,"href":"https:\/\/wordpress.gwandhaus-ismaning.de\/index.php?rest_route=%2Fwp%2Fv2%2Fcomments&post=2"}],"version-history":[{"count":89,"href":"https:\/\/wordpress.gwandhaus-ismaning.de\/index.php?rest_route=\/wp\/v2\/pages\/2\/revisions"}],"predecessor-version":[{"id":701,"href":"https:\/\/wordpress.gwandhaus-ismaning.de\/index.php?rest_route=\/wp\/v2\/pages\/2\/revisions\/701"}],"wp:attachment":[{"href":"https:\/\/wordpress.gwandhaus-ismaning.de\/index.php?rest_route=%2Fwp%2Fv2%2Fmedia&parent=2"}],"curies":[{"name":"wp","href":"https:\/\/api.w.org\/{rel}","templated":true}]}}