{"id":37,"date":"2018-01-20T14:02:19","date_gmt":"2018-01-20T14:02:19","guid":{"rendered":"http:\/\/wordpress.gwandhaus-ismaning.de\/?page_id=37"},"modified":"2026-03-05T10:34:43","modified_gmt":"2026-03-05T10:34:43","slug":"aktuelles","status":"publish","type":"page","link":"https:\/\/wordpress.gwandhaus-ismaning.de\/?page_id=37","title":{"rendered":"Aktuelles"},"content":{"rendered":"<div id=\"pl-37\"  class=\"panel-layout\" ><div id=\"pg-37-0\"  class=\"panel-grid panel-no-style\" ><div id=\"pgc-37-0-0\"  class=\"panel-grid-cell\" ><div id=\"panel-37-0-0-0\" class=\"so-panel widget widget_sow-editor panel-first-child panel-last-child\" data-index=\"0\" ><div\n\t\t\t\n\t\t\tclass=\"so-widget-sow-editor so-widget-sow-editor-base\"\n\t\t\t\n\t\t>\n<div class=\"siteorigin-widget-tinymce textwidget\">\n\t<p style=\"text-align: center;\"><strong>Annahme und Verkauf von Sommerbekleidung<br \/>\nmax.<br \/>\n<\/strong><strong><span style=\"color: #ff0000;\">15 Kleidungsst\u00fccke<\/span><br \/>\n<\/strong><strong>pro Abgabe<\/strong><\/p>\n<p style=\"text-align: center;\"><span style=\"color: #ff0000;\"><strong>\u00b0\u00a0 Nicht \u00e4lter als 10 Jahre<br \/>\n<\/strong><strong>\u00b0\u00a0 Sauber und intakt<br \/>\n<\/strong><\/span><strong><span style=\"color: #ff0000;\">\u00b0\u00a0 Gut erhalten<\/span> <\/strong><strong>\u00a0 \u00a0 \u00a0 \u00a0 \u00a0 \u00a0 \u00a0 \u00a0<\/strong><strong><br \/>\nHerrenanz\u00fcge werden nicht angenommen!<br \/>\n<\/strong><strong>Wir bedanken uns f\u00fcr Ihr Verst\u00e4ndnis!<\/strong><\/p>\n<\/div>\n<\/div><\/div><\/div><\/div><\/div>","protected":false},"excerpt":{"rendered":"<p>Annahme und Verkauf von Sommerbekleidung max. 15 Kleidungsst\u00fccke pro Abgabe \u00b0\u00a0 Nicht \u00e4lter als 10 Jahre \u00b0\u00a0 Sauber und intakt \u00b0\u00a0 Gut erhalten \u00a0 \u00a0 \u00a0 \u00a0 \u00a0 \u00a0 \u00a0 \u00a0 Herrenanz\u00fcge werden nicht angenommen! Wir bedanken uns f\u00fcr Ihr Verst\u00e4ndnis!<\/p>\n","protected":false},"author":1,"featured_media":0,"parent":0,"menu_order":0,"comment_status":"closed","ping_status":"closed","template":"","meta":{"footnotes":""},"_links":{"self":[{"href":"https:\/\/wordpress.gwandhaus-ismaning.de\/index.php?rest_route=\/wp\/v2\/pages\/37"}],"collection":[{"href":"https:\/\/wordpress.gwandhaus-ismaning.de\/index.php?rest_route=\/wp\/v2\/pages"}],"about":[{"href":"https:\/\/wordpress.gwandhaus-ismaning.de\/index.php?rest_route=\/wp\/v2\/types\/page"}],"author":[{"embeddable":true,"href":"https:\/\/wordpress.gwandhaus-ismaning.de\/index.php?rest_route=\/wp\/v2\/users\/1"}],"replies":[{"embeddable":true,"href":"https:\/\/wordpress.gwandhaus-ismaning.de\/index.php?rest_route=%2Fwp%2Fv2%2Fcomments&post=37"}],"version-history":[{"count":220,"href":"https:\/\/wordpress.gwandhaus-ismaning.de\/index.php?rest_route=\/wp\/v2\/pages\/37\/revisions"}],"predecessor-version":[{"id":714,"href":"https:\/\/wordpress.gwandhaus-ismaning.de\/index.php?rest_route=\/wp\/v2\/pages\/37\/revisions\/714"}],"wp:attachment":[{"href":"https:\/\/wordpress.gwandhaus-ismaning.de\/index.php?rest_route=%2Fwp%2Fv2%2Fmedia&parent=37"}],"curies":[{"name":"wp","href":"https:\/\/api.w.org\/{rel}","templated":true}]}}