{"id":71,"date":"2018-01-20T14:28:23","date_gmt":"2018-01-20T14:28:23","guid":{"rendered":"http:\/\/wordpress.gwandhaus-ismaning.de\/?page_id=71"},"modified":"2024-02-01T15:33:17","modified_gmt":"2024-02-01T15:33:17","slug":"keiderspenden","status":"publish","type":"page","link":"https:\/\/wordpress.gwandhaus-ismaning.de\/?page_id=71","title":{"rendered":"Kleiderspenden"},"content":{"rendered":"<div id=\"pl-71\"  class=\"panel-layout\" ><div id=\"pg-71-0\"  class=\"panel-grid panel-no-style\" ><div id=\"pgc-71-0-0\"  class=\"panel-grid-cell\" ><div id=\"panel-71-0-0-0\" class=\"so-panel widget widget_sow-editor panel-first-child panel-last-child\" data-index=\"0\" ><div\n\t\t\t\n\t\t\tclass=\"so-widget-sow-editor so-widget-sow-editor-base\"\n\t\t\t\n\t\t>\n<div class=\"siteorigin-widget-tinymce textwidget\">\n\t<p>W\u00e4hrend unserer \u00d6ffnungszeiten nehmen wir gerne gut erhaltene oder neuwertige Damen- und Herrenbekleidung, Accessoires wie Krawatten, G\u00fcrtel, T\u00fccher und Schals, Handtaschen sowie Schuhe und Modeschmuck , Tischdecken, Bettw\u00e4sche, Wolle und einiges mehr als Spenden an.<\/p>\n<p>Bitte haben Sie Verst\u00e4ndnis daf\u00fcr, dass wir nur gewaschene oder gereinigte Kleidung annehmen.<\/p>\n<p>Nicht entgegennehmen k\u00f6nnen wir insb. Artikel mit defekten Rei\u00dfverschl\u00fcssen, fehlenden Kn\u00f6pfen, L\u00f6chern und Bekleidung, die vergilbt, verf\u00e4rbt, fleckig oder \u00e4lter als 10 Jahre ist. Diese Kleidung entsorgen Sie bitte \u00fcber die Altkleider-Container.<\/p>\n<p>Kinderkleidung k\u00f6nnen Sie im Second Hand-Laden der Nachbarschaftshilfe\u00a0abgeben (<a href=\"http:\/\/www.nbh-ismaning.de\/second-hand-laden\">www.nbh-ismaning.de\/second-hand-laden<\/a>).<\/p>\n<p>M\u00f6bel und Elektrogro\u00dfger\u00e4te, die noch gut erhalten sind und einwandfrei funktionieren, k\u00f6nnen Sie der M\u00f6belb\u00f6rse Ismaning unter 089\/96 04 88 85 oder per Mail: <a href=\"mailto:moebelboerse-ismaning@web.de\">moebelboerse-ismaning@web.de<\/a> anbieten .<\/p>\n<\/div>\n<\/div><\/div><\/div><\/div><div id=\"pg-71-1\"  class=\"panel-grid panel-no-style\" ><div id=\"pgc-71-1-0\"  class=\"panel-grid-cell panel-grid-cell-empty\" ><\/div><\/div><\/div>","protected":false},"excerpt":{"rendered":"<p>W\u00e4hrend unserer \u00d6ffnungszeiten nehmen wir gerne gut erhaltene oder neuwertige Damen- und Herrenbekleidung, Accessoires wie Krawatten, G\u00fcrtel, T\u00fccher und Schals, Handtaschen sowie Schuhe und Modeschmuck , Tischdecken, Bettw\u00e4sche, Wolle und einiges mehr als Spenden an. Bitte haben Sie Verst\u00e4ndnis daf\u00fcr, dass wir nur gewaschene oder gereinigte Kleidung annehmen. Nicht entgegennehmen k\u00f6nnen wir insb. Artikel mit&#8230;<\/p>\n","protected":false},"author":1,"featured_media":0,"parent":0,"menu_order":0,"comment_status":"closed","ping_status":"closed","template":"","meta":{"footnotes":""},"_links":{"self":[{"href":"https:\/\/wordpress.gwandhaus-ismaning.de\/index.php?rest_route=\/wp\/v2\/pages\/71"}],"collection":[{"href":"https:\/\/wordpress.gwandhaus-ismaning.de\/index.php?rest_route=\/wp\/v2\/pages"}],"about":[{"href":"https:\/\/wordpress.gwandhaus-ismaning.de\/index.php?rest_route=\/wp\/v2\/types\/page"}],"author":[{"embeddable":true,"href":"https:\/\/wordpress.gwandhaus-ismaning.de\/index.php?rest_route=\/wp\/v2\/users\/1"}],"replies":[{"embeddable":true,"href":"https:\/\/wordpress.gwandhaus-ismaning.de\/index.php?rest_route=%2Fwp%2Fv2%2Fcomments&post=71"}],"version-history":[{"count":8,"href":"https:\/\/wordpress.gwandhaus-ismaning.de\/index.php?rest_route=\/wp\/v2\/pages\/71\/revisions"}],"predecessor-version":[{"id":642,"href":"https:\/\/wordpress.gwandhaus-ismaning.de\/index.php?rest_route=\/wp\/v2\/pages\/71\/revisions\/642"}],"wp:attachment":[{"href":"https:\/\/wordpress.gwandhaus-ismaning.de\/index.php?rest_route=%2Fwp%2Fv2%2Fmedia&parent=71"}],"curies":[{"name":"wp","href":"https:\/\/api.w.org\/{rel}","templated":true}]}}